{"id":15996,"date":"2025-07-17T06:24:16","date_gmt":"2025-07-17T10:24:16","guid":{"rendered":"https:\/\/djccomercial.com\/?post_type=product&#038;p=15996"},"modified":"2025-08-12T00:09:18","modified_gmt":"2025-08-12T04:09:18","slug":"sarten-freidor-electrico","status":"publish","type":"product","link":"https:\/\/djccomercial.com\/en\/product\/sarten-freidor-electrico\/","title":{"rendered":"Sart\u00e9n Freidor El\u00e9ctrico"},"content":{"rendered":"<p>Sart\u00e9n Freidor El\u00e9ctrico<\/p>\n<p>Caracteristicas:<\/p>\n<ul>\n<li>Cantidad: 3290 Unidades x Contenedor 40HQ<\/li>\n<li class=\"&quot;SpecHighlights-list-label&quot;\">Los productos de la misma marca pueden combinarse dentro del contenedor.<\/li>\n<li class=\"&quot;SpecHighlights-list-label&quot;\">Pago: 50% para cerrar la orden, 50% Contra BL<\/li>\n<li class=\"&quot;SpecHighlights-list-label&quot;\">Producci\u00f3n: 10 &#8211; 15 d\u00edas<\/li>\n<li>Traves\u00eda: 50 &#8211; 60 d\u00edas<\/li>\n<\/ul>","protected":false},"excerpt":{"rendered":"<ul>\n<li>Marca: SOKANY Modelo YQ-2005<\/li>\n<li>Pa\u00eds de Origen: China.<\/li>\n<li>110 V \/ 1,1500 W<\/li>\n<li>Revestimiento antiadherente, permite fre\u00edr f\u00e1cilmente huevos, pescado y cualquier otro alimento<\/li>\n<li>Utiliza la sart\u00e9n para preparar deliciosas sopas. Puedes ajustar el termostato para controlar la temperatura y crear diferentes sabores.<\/li>\n<li>Tama\u00f1o 30 cm x 30 cm<\/li>\n<\/ul>","protected":false},"featured_media":16056,"comment_status":"open","ping_status":"closed","template":"","meta":[],"product_brand":[],"product_cat":[186],"product_tag":[],"class_list":{"0":"post-15996","1":"product","2":"type-product","3":"status-publish","4":"has-post-thumbnail","6":"product_cat-electrodomesticos","8":"first","9":"instock","10":"featured","11":"shipping-taxable","12":"product-type-simple"},"_links":{"self":[{"href":"https:\/\/djccomercial.com\/en\/wp-json\/wp\/v2\/product\/15996","targetHints":{"allow":["GET"]}}],"collection":[{"href":"https:\/\/djccomercial.com\/en\/wp-json\/wp\/v2\/product"}],"about":[{"href":"https:\/\/djccomercial.com\/en\/wp-json\/wp\/v2\/types\/product"}],"replies":[{"embeddable":true,"href":"https:\/\/djccomercial.com\/en\/wp-json\/wp\/v2\/comments?post=15996"}],"wp:featuredmedia":[{"embeddable":true,"href":"https:\/\/djccomercial.com\/en\/wp-json\/wp\/v2\/media\/16056"}],"wp:attachment":[{"href":"https:\/\/djccomercial.com\/en\/wp-json\/wp\/v2\/media?parent=15996"}],"wp:term":[{"taxonomy":"product_brand","embeddable":true,"href":"https:\/\/djccomercial.com\/en\/wp-json\/wp\/v2\/product_brand?post=15996"},{"taxonomy":"product_cat","embeddable":true,"href":"https:\/\/djccomercial.com\/en\/wp-json\/wp\/v2\/product_cat?post=15996"},{"taxonomy":"product_tag","embeddable":true,"href":"https:\/\/djccomercial.com\/en\/wp-json\/wp\/v2\/product_tag?post=15996"}],"curies":[{"name":"wp","href":"https:\/\/api.w.org\/{rel}","templated":true}]}}