{"id":15493,"date":"2024-10-09T00:34:35","date_gmt":"2024-10-08T22:34:35","guid":{"rendered":"https:\/\/djccomercial.com\/?post_type=product&#038;p=15493"},"modified":"2025-08-12T00:44:09","modified_gmt":"2025-08-12T04:44:09","slug":"olla-arrocera-2-2-lt","status":"publish","type":"product","link":"https:\/\/djccomercial.com\/en\/product\/olla-arrocera-2-2-lt\/","title":{"rendered":"Olla Arrocera 2.2 Lt"},"content":{"rendered":"<p>Olla Arrocera 2.2 Lt<\/p>\n<p>Caracteristicas:<\/p>\n<ul>\n<li>Cantidad: 2830 Unidades x Contenedor<\/li>\n<li class=\"&quot;SpecHighlights-list-label&quot;\">Los productos de la misma marca pueden combinarse dentro del contenedor.<\/li>\n<li class=\"&quot;SpecHighlights-list-label&quot;\">Pago: 50% para cerrar la orden, 50% Contra BL<\/li>\n<li class=\"&quot;SpecHighlights-list-label&quot;\">Producci\u00f3n: 10 &#8211; 15 d\u00edas<\/li>\n<li>Traves\u00eda: 50 &#8211; 60 d\u00edas<\/li>\n<\/ul>","protected":false},"excerpt":{"rendered":"<ul>\n<li>Marca: SOKANY Modelo SK-07059<\/li>\n<li>Pa\u00eds de Origen: China.<\/li>\n<li>110 V \/ 900 W<\/li>\n<li>Dise\u00f1o de v\u00e1lvula de seguridad con anillo de sellado extra\u00edble<\/li>\n<li>Dise\u00f1o de almohadilla antideslizante y cuerpo de acero inoxidable<\/li>\n<li>Mango anti-deslizante<\/li>\n<\/ul>","protected":false},"featured_media":16055,"comment_status":"open","ping_status":"closed","template":"","meta":[],"product_brand":[],"product_cat":[186],"product_tag":[],"class_list":{"0":"post-15493","1":"product","2":"type-product","3":"status-publish","4":"has-post-thumbnail","6":"product_cat-electrodomesticos","8":"first","9":"instock","10":"featured","11":"shipping-taxable","12":"product-type-simple"},"_links":{"self":[{"href":"https:\/\/djccomercial.com\/en\/wp-json\/wp\/v2\/product\/15493","targetHints":{"allow":["GET"]}}],"collection":[{"href":"https:\/\/djccomercial.com\/en\/wp-json\/wp\/v2\/product"}],"about":[{"href":"https:\/\/djccomercial.com\/en\/wp-json\/wp\/v2\/types\/product"}],"replies":[{"embeddable":true,"href":"https:\/\/djccomercial.com\/en\/wp-json\/wp\/v2\/comments?post=15493"}],"wp:featuredmedia":[{"embeddable":true,"href":"https:\/\/djccomercial.com\/en\/wp-json\/wp\/v2\/media\/16055"}],"wp:attachment":[{"href":"https:\/\/djccomercial.com\/en\/wp-json\/wp\/v2\/media?parent=15493"}],"wp:term":[{"taxonomy":"product_brand","embeddable":true,"href":"https:\/\/djccomercial.com\/en\/wp-json\/wp\/v2\/product_brand?post=15493"},{"taxonomy":"product_cat","embeddable":true,"href":"https:\/\/djccomercial.com\/en\/wp-json\/wp\/v2\/product_cat?post=15493"},{"taxonomy":"product_tag","embeddable":true,"href":"https:\/\/djccomercial.com\/en\/wp-json\/wp\/v2\/product_tag?post=15493"}],"curies":[{"name":"wp","href":"https:\/\/api.w.org\/{rel}","templated":true}]}}