{"id":15002,"date":"2018-01-30T13:10:09","date_gmt":"2018-01-30T13:10:09","guid":{"rendered":"http:\/\/demo-style-5.tech-mart.cmsmasters.net\/?page_id=15002"},"modified":"2025-07-10T01:40:16","modified_gmt":"2025-07-10T05:40:16","slug":"home","status":"publish","type":"page","link":"https:\/\/djccomercial.com\/en\/home\/","title":{"rendered":"Home -old"},"content":{"rendered":"[cmsmasters_row][cmsmasters_column data_width=\u00bb1\/1&#8243;][cmsmasters_text]\n<p>&nbsp;<\/p>\n[\/cmsmasters_text][\/cmsmasters_column][\/cmsmasters_row][cmsmasters_row data_padding_bottom=\u00bb0&#8243; data_padding_top=\u00bb0&#8243; data_color=\u00bbdefault\u00bb data_bot_style=\u00bbdefault\u00bb data_top_style=\u00bbdefault\u00bb data_padding_right=\u00bb0&#8243; data_padding_left=\u00bb0&#8243; data_width=\u00bbfullwidth\u00bb data_shortcode_id=\u00bbpsislzkghm\u00bb][cmsmasters_column data_width=\u00bb1\/1&#8243;]\n[cmsmasters_slider shortcode_id=\u00bbf0jn0mqbm9&#8243; slider_plugin=\u00bbrev\u00bb slider_rev=\u00bbhome_slider\u00bb]\n[\/cmsmasters_column][\/cmsmasters_row][cmsmasters_row][cmsmasters_column data_width=\u00bb1\/1&#8243;][cmsmasters_text]\n<p>&nbsp;<\/p>\n[\/cmsmasters_text][\/cmsmasters_column][\/cmsmasters_row][cmsmasters_row data_shortcode_id=\u00bbkpfgme1ff9&#8243; data_padding_bottom_mobile_v=\u00bb0&#8243; data_padding_top_mobile_v=\u00bb0&#8243; data_padding_bottom_mobile_h=\u00bb0&#8243; data_padding_top_mobile_h=\u00bb0&#8243; data_padding_bottom_tablet=\u00bb0&#8243; data_padding_top_tablet=\u00bb0&#8243; data_padding_bottom_laptop=\u00bb0&#8243; data_padding_top_laptop=\u00bb0&#8243; data_padding_bottom_large=\u00bb0&#8243; data_padding_top_large=\u00bb0&#8243; data_padding_bottom=\u00bb50&#8243; data_padding_top=\u00bb0&#8243; data_bg_parallax_ratio=\u00bb0.5&#8243; data_bg_size=\u00bbcover\u00bb data_bg_attachment=\u00bbscroll\u00bb data_bg_repeat=\u00bbno-repeat\u00bb data_bg_position=\u00bbtop center\u00bb data_color=\u00bbdefault\u00bb data_bot_style=\u00bbdefault\u00bb data_top_style=\u00bbdefault\u00bb data_padding_right=\u00bb3&#8243; data_padding_left=\u00bb3&#8243; data_width=\u00bbboxed\u00bb][cmsmasters_column data_width=\u00bb1\/1&#8243; data_shortcode_id=\u00bb80vxg9tchj\u00bb data_animation_delay=\u00bb0&#8243; data_border_style=\u00bbdefault\u00bb data_bg_size=\u00bbcover\u00bb data_bg_attachment=\u00bbscroll\u00bb data_bg_repeat=\u00bbno-repeat\u00bb data_bg_position=\u00bbtop center\u00bb][cmsmasters_text shortcode_id=\u00bbjmpgboryvm\u00bb animation_delay=\u00bb0&#8243;]\n<h3>What is KS CARIBBEAN TRADE LIMITED?<\/h3>\n<p>It is a Hong Kong-based trading company dedicated to international trade and e-commerce, focused on supplying the Central American and Caribbean market with finished products and raw materials for various industries. We work with various supply lines, including food, household appliances, and hardware, and have recently ventured into electric vehicles.<\/p>\n<p>We have developed important relationships with factories located in Europe and Asia, as well as in America, through our subsidiary company in Panama, KS CARIBBEAN TRADE SA, which allows us to have a wide range of assortments at highly competitive prices.<\/p>\n[\/cmsmasters_text][\/cmsmasters_column][cmsmasters_column data_width=\u00bb1\/1&#8243; data_animation_delay=\u00bb0&#8243; data_border_style=\u00bbdefault\u00bb data_bg_size=\u00bbcover\u00bb data_bg_attachment=\u00bbscroll\u00bb data_bg_repeat=\u00bbno-repeat\u00bb data_bg_position=\u00bbtop center\u00bb data_shortcode_id=\u00bbbd6lge7u6m\u00bb][\/cmsmasters_column][\/cmsmasters_row][cmsmasters_row data_shortcode_id=\u00bb19st6leyr9&#8243; data_width=\u00bbboxed\u00bb data_top_style=\u00bbdefault\u00bb data_bot_style=\u00bbdefault\u00bb data_color=\u00bbdefault\u00bb data_padding_top=\u00bb0&#8243; data_padding_bottom=\u00bb0&#8243;][cmsmasters_column data_width=\u00bb1\/1&#8243; data_shortcode_id=\u00bbchy6hb5q9h\u00bb data_animation_delay=\u00bb0&#8243; data_border_style=\u00bbdefault\u00bb data_bg_size=\u00bbcover\u00bb data_bg_attachment=\u00bbscroll\u00bb data_bg_repeat=\u00bbno-repeat\u00bb data_bg_position=\u00bbtop center\u00bb][cmsmasters_css shortcode_id=\u00bb89rrfx1xkp\u00bb]I2Ntc21hc3RlcnNfZmJfMGF6dHZ4bzdjIHsKaGVpZ2h0OiBhdXRvOwp9CgpAbWVkaWEgb25seSBzY3JlZW4gYW5kIChtYXgtd2lkdGg6IDc2OHB4KSB7Ci5jbXNtYXN0ZXJzX3Jvd19jb2x1bW5zX2JlaGF2aW9yIC5jbXNtYXN0ZXJzX2FkYXB0aXZlX21hcmdpbl9jb2x1bW4gewptYXJnaW4tYm90dG9tOiAyMHB4Owp9Cn0=[\/cmsmasters_css][cmsmasters_text shortcode_id=\u00bb2mzakr2d6&#8243; animation_delay=\u00bb0&#8243;]\n<h2>Nuestros productos<\/h2>\n[\/cmsmasters_text][\/cmsmasters_column][\/cmsmasters_row][cmsmasters_row data_shortcode_id=\u00bbyzp518vnkl\u00bb data_width=\u00bbboxed\u00bb data_columns_behavior=\u00bbtrue\u00bb data_top_style=\u00bbdefault\u00bb data_bot_style=\u00bbdefault\u00bb data_color=\u00bbdefault\u00bb data_padding_top=\u00bb0&#8243; data_padding_bottom=\u00bb0&#8243;][cmsmasters_column data_width=\u00bb1\/2&#8243; data_shortcode_id=\u00bbj3ay112m5a\u00bb data_border_style=\u00bbdefault\u00bb data_border_radius=\u00bb25px\u00bb data_animation_delay=\u00bb0&#8243; data_classes=\u00bbcmsmasters_adaptive_margin_column\u00bb][cmsmasters_image shortcode_id=\u00bb7s98f1ql8k\u00bb align=\u00bbcenter\u00bb animation_delay=\u00bb0&#8243;]15489|https:\/\/djccomercial.com\/wp-content\/uploads\/2024\/10\/Bebidas-en-Cajitas2-300&#215;300.png|medium[\/cmsmasters_image][\/cmsmasters_column][cmsmasters_column data_width=\u00bb1\/2&#8243; data_border_radius=\u00bb25px\u00bb data_border_style=\u00bbdefault\u00bb data_shortcode_id=\u00bbvj48l2a3d\u00bb][cmsmasters_image shortcode_id=\u00bb9ovfxunalo\u00bb align=\u00bbcenter\u00bb animation_delay=\u00bb0&#8243;]15468|https:\/\/djccomercial.com\/wp-content\/uploads\/2024\/10\/Ventilador-Solar-Recarable&#8211;300&#215;300.png|medium[\/cmsmasters_image][\/cmsmasters_column][\/cmsmasters_row][cmsmasters_row data_shortcode_id=\u00bbd7vu9az7h\u00bb data_width=\u00bbboxed\u00bb data_top_style=\u00bbdefault\u00bb data_bot_style=\u00bbdefault\u00bb data_color=\u00bbdefault\u00bb data_padding_top=\u00bb30&#8243; data_padding_bottom=\u00bb50&#8243;][cmsmasters_column data_width=\u00bb1\/1&#8243; data_shortcode_id=\u00bb1qvjn1n2x\u00bb data_animation_delay=\u00bb0&#8243; data_border_style=\u00bbdefault\u00bb data_bg_size=\u00bbcover\u00bb data_bg_attachment=\u00bbscroll\u00bb data_bg_repeat=\u00bbno-repeat\u00bb data_bg_position=\u00bbtop center\u00bb][cmsmasters_text shortcode_id=\u00bbpmvrfjtuyg\u00bb animation_delay=\u00bb0&#8243;]\n<h3>Why choose KS CARIBBEAN TRADE LIMITED?<\/h3>\n<p><strong>Experience<\/strong>: Con a\u00f1os de experiencia en actividades de importaci\u00f3n, exportaci\u00f3n y log\u00edstica, nuestro equipo pone a su alcance todos sus recursos para ubicar, negociar y mover cualquier mercanc\u00eda hasta su puerta.<\/p>\n<p><strong>Quality products<\/strong>: Obtenemos solo productos de la m\u00e1s alta calidad de proveedores de renombre en todo el mundo, lo que garantiza que nuestros clientes reciban lo mejor.<\/p>\n<p><strong>Tailor-made solutions<\/strong>: Trabajamos en estrecha colaboraci\u00f3n con nuestros clientes para ofrecer soluciones personalizadas que se alineen con sus necesidades y requisitos espec\u00edficos.<\/p>\n<p><strong>Customer focus<\/strong>: Nuestros clientes est\u00e1n en el centro de todo lo que hacemos. Priorizamos la comunicaci\u00f3n abierta y el servicio excepcional para construir relaciones duraderas.<\/p>\n[\/cmsmasters_text][\/cmsmasters_column][\/cmsmasters_row][cmsmasters_row data_padding_bottom=\u00bb0&#8243; data_padding_top=\u00bb40&#8243; data_color=\u00bbdefault\u00bb data_bot_style=\u00bbdefault\u00bb data_top_style=\u00bbdefault\u00bb data_width=\u00bbboxed\u00bb data_shortcode_id=\u00bb9hqnpbz4hk\u00bb][cmsmasters_column data_width=\u00bb1\/1&#8243; data_shortcode_id=\u00bb0y9d0nl7j\u00bb data_animation_delay=\u00bb0&#8243; data_border_style=\u00bbdefault\u00bb data_bg_size=\u00bbcover\u00bb data_bg_attachment=\u00bbscroll\u00bb data_bg_repeat=\u00bbno-repeat\u00bb data_bg_position=\u00bbtop center\u00bb][cmsmasters_heading shortcode_id=\u00bb4y7ofyddo6&#8243; type=\u00bbh4&#8243; font_weight=\u00bbdefault\u00bb font_style=\u00bbdefault\u00bb text_align=\u00bbleft\u00bb margin_top=\u00bb0&#8243; margin_bottom=\u00bb20&#8243; animation_delay=\u00bb0&#8243;]Productos Destacados[\/cmsmasters_heading][cmsmasters_tabs shortcode_id=\u00bbq8jl00qnoq\u00bb mode=\u00bbtab\u00bb active=\u00bb1&#8243; animation_delay=\u00bb0&#8243;][cmsmasters_tab shortcode_id=\u00bb3hxc9bnoud\u00bb title=\u00bbDestacados\u00bb]\n[cmsmasters_products shortcode_id=\u00bbdhcgo6elz\u00bb products_shortcode=\u00bbrecent_products\u00bb orderby=\u00bbdate\u00bb order=\u00bbDESC\u00bb count=\u00bb4&#8243; columns=\u00bb4&#8243;]\n[\/cmsmasters_tab][\/cmsmasters_tabs][\/cmsmasters_column][\/cmsmasters_row][cmsmasters_row data_shortcode_id=\u00bbw3mrr8ihpb\u00bb data_width=\u00bbboxed\u00bb data_top_style=\u00bbdefault\u00bb data_bot_style=\u00bbdefault\u00bb data_color=\u00bbdefault\u00bb data_padding_top=\u00bb0&#8243; data_padding_bottom=\u00bb0&#8243;][cmsmasters_column data_width=\u00bb1\/1&#8243; data_animation_delay=\u00bb0&#8243; data_border_style=\u00bbdefault\u00bb data_bg_size=\u00bbcover\u00bb data_bg_attachment=\u00bbscroll\u00bb data_bg_repeat=\u00bbno-repeat\u00bb data_bg_position=\u00bbtop center\u00bb data_shortcode_id=\u00bb7ayz75cv47&#8243;][cmsmasters_css shortcode_id=\u00bbui7rb4jcs\u00bb]LmNtc21hc3RlcnNfbWFyZ2luX2RlYWwgewogICAgbWFyZ2luLXRvcDogMjBweDsKfQ==[\/cmsmasters_css][\/cmsmasters_column][\/cmsmasters_row][cmsmasters_row data_shortcode_id=\u00bb1zhzwh8j2r\u00bb data_width=\u00bbboxed\u00bb data_columns_behavior=\u00bbtrue\u00bb data_top_style=\u00bbdefault\u00bb data_bot_style=\u00bbdefault\u00bb data_color=\u00bbdefault\u00bb data_padding_top=\u00bb40&#8243; data_padding_bottom=\u00bb40&#8243;][cmsmasters_column data_width=\u00bb1\/2&#8243; data_classes=\u00bbcmsmasters_adaptive_margin_column\u00bb data_animation_delay=\u00bb0&#8243; data_border_radius=\u00bb15px\u00bb data_border_style=\u00bbdefault\u00bb data_bg_size=\u00bbcontain\u00bb data_bg_attachment=\u00bbscroll\u00bb data_bg_repeat=\u00bbno-repeat\u00bb data_bg_position=\u00bbcenter right\u00bb data_bg_img=\u00bb15486|https:\/\/djccomercial.com\/wp-content\/uploads\/2024\/10\/Olla-Arrocera-1500w-300&#215;300.png|medium\u00bb data_bg_color=\u00bb#075a90&#8243; data_padding_mobile_v=\u00bb40px 33% 0 5%\u00bb data_padding_mobile_h=\u00bb40px 0% 0 6%\u00bb data_padding_tablet=\u00bb95px 0% 0 6%\u00bb data_padding_laptop=\u00bb25px 42% 0 3%\u00bb data_resp_padding=\u00bbtrue\u00bb data_padding=\u00bb35px 51% 3px 12%\u00bb data_shortcode_id=\u00bbj3ay112m5f\u00bb][cmsmasters_heading shortcode_id=\u00bbgko4k3q6az\u00bb type=\u00bbh3&#8243; font_size=\u00bb20&#8243; line_height=\u00bb26&#8243; font_weight=\u00bb300&#8243; font_style=\u00bbdefault\u00bb text_align=\u00bbleft\u00bb color=\u00bb#ffffff\u00bb margin_top=\u00bb0&#8243; margin_bottom=\u00bb0&#8243; animation_delay=\u00bb0&#8243;]1500 W[\/cmsmasters_heading][cmsmasters_heading shortcode_id=\u00bbdqabssicp\u00bb type=\u00bbh4&#8243; font_family=\u00bbMontserrat:400,700&#8243; font_size=\u00bb30&#8243; line_height=\u00bb42&#8243; font_weight=\u00bb400&#8243; font_style=\u00bbdefault\u00bb text_align=\u00bbleft\u00bb color=\u00bb#000000&#8243; target=\u00bbself\u00bb link_color_h=\u00bb#595959&#8243; margin_top=\u00bb0&#8243; margin_bottom=\u00bb17&#8243; custom_check=\u00bbtrue\u00bb animation_delay=\u00bb0&#8243;][\/cmsmasters_heading][cmsmasters_heading shortcode_id=\u00bbfu1ltnakev\u00bb type=\u00bbh6&#8243; font_size=\u00bb16&#8243; line_height=\u00bb26&#8243; font_weight=\u00bb300&#8243; font_style=\u00bbdefault\u00bb text_align=\u00bbleft\u00bb color=\u00bb#ffffff\u00bb margin_top=\u00bb0&#8243; margin_bottom=\u00bb0&#8243; animation_delay=\u00bb0&#8243;]Precio[\/cmsmasters_heading][cmsmasters_heading shortcode_id=\u00bbwscb8kvrbt\u00bb type=\u00bbh2&#8243; font_size=\u00bb40&#8243; line_height=\u00bb50&#8243; font_weight=\u00bbdefault\u00bb font_style=\u00bbdefault\u00bb text_align=\u00bbleft\u00bb color=\u00bb#ffffff\u00bb margin_top=\u00bb0&#8243; margin_bottom=\u00bb20&#8243; animation_delay=\u00bb0&#8243;]$ 19.95[\/cmsmasters_heading][cmsmasters_heading shortcode_id=\u00bbgtmrk606fq\u00bb type=\u00bbh4&#8243; font_family=\u00bbMontserrat:400,700&#8243; font_size=\u00bb30&#8243; line_height=\u00bb42&#8243; font_weight=\u00bb400&#8243; font_style=\u00bbdefault\u00bb text_align=\u00bbleft\u00bb color=\u00bb#000000&#8243; target=\u00bbself\u00bb link_color_h=\u00bb#595959&#8243; margin_top=\u00bb0&#8243; margin_bottom=\u00bb15&#8243; custom_check=\u00bbtrue\u00bb animation_delay=\u00bb0&#8243;][\/cmsmasters_heading][\/cmsmasters_column][cmsmasters_column data_width=\u00bb1\/2&#8243; data_border_radius=\u00bb15px\u00bb data_border_style=\u00bbdefault\u00bb data_bg_size=\u00bbcontain\u00bb data_bg_attachment=\u00bbscroll\u00bb data_bg_repeat=\u00bbno-repeat\u00bb data_bg_position=\u00bbtop right\u00bb data_bg_img=\u00bb15494|https:\/\/djccomercial.com\/wp-content\/uploads\/2024\/10\/Olla-Arrocera-1800-w&#8211;300&#215;300.png|medium\u00bb data_bg_color=\u00bb#075a90&#8243; data_padding_mobile_v=\u00bb40px 12% 0 6%\u00bb data_padding_mobile_h=\u00bb40px 0% 0 6%\u00bb data_padding_tablet=\u00bb95px 0% 0 6%\u00bb data_padding_laptop=\u00bb25px 22% 0 4%\u00bb data_resp_padding=\u00bbtrue\u00bb data_padding=\u00bb35px 41% 3px 11%\u00bb data_shortcode_id=\u00bbvj48l2a3f\u00bb][cmsmasters_heading shortcode_id=\u00bbrrzjm8gf43&#8243; type=\u00bbh3&#8243; font_size=\u00bb20&#8243; line_height=\u00bb26&#8243; font_weight=\u00bb300&#8243; font_style=\u00bbdefault\u00bb text_align=\u00bbleft\u00bb color=\u00bb#ffffff\u00bb margin_top=\u00bb0&#8243; margin_bottom=\u00bb0&#8243; animation_delay=\u00bb0&#8243;]1800 W[\/cmsmasters_heading][cmsmasters_heading shortcode_id=\u00bbz9yfiy0fhr\u00bb type=\u00bbh4&#8243; font_family=\u00bbMontserrat:400,700&#8243; font_size=\u00bb30&#8243; line_height=\u00bb42&#8243; font_weight=\u00bb400&#8243; font_style=\u00bbdefault\u00bb text_align=\u00bbleft\u00bb color=\u00bb#000000&#8243; target=\u00bbself\u00bb link_color_h=\u00bb#595959&#8243; margin_top=\u00bb0&#8243; margin_bottom=\u00bb17&#8243; custom_check=\u00bbtrue\u00bb animation_delay=\u00bb0&#8243;][\/cmsmasters_heading][cmsmasters_heading shortcode_id=\u00bbt5sb087jfa\u00bb type=\u00bbh6&#8243; font_size=\u00bb16&#8243; line_height=\u00bb26&#8243; font_weight=\u00bb300&#8243; font_style=\u00bbdefault\u00bb text_align=\u00bbleft\u00bb color=\u00bb#ffffff\u00bb margin_top=\u00bb0&#8243; margin_bottom=\u00bb0&#8243; animation_delay=\u00bb0&#8243;]Precio[\/cmsmasters_heading][cmsmasters_heading shortcode_id=\u00bbo68ig94k9r\u00bb type=\u00bbh2&#8243; font_size=\u00bb40&#8243; line_height=\u00bb50&#8243; font_weight=\u00bbdefault\u00bb font_style=\u00bbdefault\u00bb text_align=\u00bbleft\u00bb color=\u00bb#ffffff\u00bb margin_top=\u00bb0&#8243; margin_bottom=\u00bb20&#8243; animation_delay=\u00bb0&#8243;]$ 21.95[\/cmsmasters_heading][\/cmsmasters_column][\/cmsmasters_row][cmsmasters_row data_padding_bottom=\u00bb20&#8243; data_padding_top=\u00bb20&#8243; data_color=\u00bbdefault\u00bb data_bot_style=\u00bbdefault\u00bb data_top_style=\u00bbdefault\u00bb data_width=\u00bbboxed\u00bb data_shortcode_id=\u00bb77ar4g1vn\u00bb][cmsmasters_column data_width=\u00bb1\/1&#8243; data_shortcode_id=\u00bbohob8g60x8&#8243; data_animation_delay=\u00bb0&#8243; data_border_style=\u00bbdefault\u00bb data_bg_size=\u00bbcover\u00bb data_bg_attachment=\u00bbscroll\u00bb data_bg_repeat=\u00bbno-repeat\u00bb data_bg_position=\u00bbtop center\u00bb][cmsmasters_heading shortcode_id=\u00bbezgvzb8789&#8243; type=\u00bbh3&#8243; font_size=\u00bb20&#8243; line_height=\u00bb26&#8243; font_weight=\u00bb500&#8243; font_style=\u00bbdefault\u00bb text_align=\u00bbleft\u00bb color=\u00bb#000000&#8243; margin_top=\u00bb0&#8243; margin_bottom=\u00bb-25&#8243; animation_delay=\u00bb0&#8243;]Nuevos Post[\/cmsmasters_heading]\n[cmsmasters_posts_slider shortcode_id=\u00bb5odehumngg\u00bb orderby=\u00bbdate\u00bb order=\u00bbASC\u00bb post_type=\u00bbpost\u00bb blog_categories=\u00bbelectrodomesticos,hi-tech,moto-electrica\u00bb columns=\u00bb3&#8243; amount=\u00bb3&#8243; count=\u00bb6&#8243; pause=\u00bb5&#8243; blog_metadata=\u00bbtitle,date,categories,more\u00bb animation_delay=\u00bb0&#8243;]\n[\/cmsmasters_column][\/cmsmasters_row][cmsmasters_row data_shortcode_id=\u00bbd4ne2i6jw\u00bb data_width=\u00bbboxed\u00bb data_top_style=\u00bbdefault\u00bb data_bot_style=\u00bbdefault\u00bb data_color=\u00bbdefault\u00bb data_padding_top=\u00bb0&#8243; data_padding_bottom=\u00bb0&#8243;][cmsmasters_column data_width=\u00bb1\/1&#8243; data_shortcode_id=\u00bbqgdbc15ye3&#8243; data_bg_position=\u00bbtop center\u00bb data_bg_repeat=\u00bbno-repeat\u00bb data_bg_attachment=\u00bbscroll\u00bb data_bg_size=\u00bbcover\u00bb data_border_style=\u00bbdefault\u00bb data_animation_delay=\u00bb0&#8243;][cmsmasters_css shortcode_id=\u00bb6p5ma64fdh\u00bb]LmNtc21hc3RlcnNfbmV3c2xldHRlcl9wYWRkaW5ncyB7CnBhZGRpbmc6IDAgOSUgMCA1MCU7Cn0KCi5jbXNtYXN0ZXJzX21haWxwb2V0X3BhZGRpbmdzIHsKcGFkZGluZzogNXB4IDUlIDAgNSU7Cn0KCkBtZWRpYSBvbmx5IHNjcmVlbiBhbmQgKG1heC13aWR0aDogMTQzOXB4KSB7Ci5jbXNtYXN0ZXJzX2FwcHN0b3JlX2ljbyB7Cm1hcmdpbi1ib3R0b206IDEwcHg7Cn0KfQoKQG1lZGlhIG9ubHkgc2NyZWVuIGFuZCAobWF4LXdpZHRoOiA1NDBweCkgewouY21zbWFzdGVyc19uZXdzbGV0dGVyX3BhZGRpbmdzIHsKICAgIHBhZGRpbmc6IDAgMyUgMCAxNCU7Cn0KCi5jbXNtYXN0ZXJzX21haWxwb2V0X3BhZGRpbmdzIHsKcGFkZGluZzogNXB4IDMlIDAgMTQlOwp9CgojY21zbWFzdGVyc19jb2x1bW5fZWZtcXk1ZDQwaSB7CmJhY2tncm91bmQtcG9zaXRpb246IHJpZ2h0IGNlbnRlciAhaW1wb3J0YW50OwpiYWNrZ3JvdW5kLXNpemU6IGluaGVyaXQgIWltcG9ydGFudDsKfQoKI2Ntc21hc3RlcnNfY29sdW1uX2VmbXF5NWQ0MGkgLmNtc21hc3RlcnNfbmV3c2xldHRlcl9wYWRkaW5nIHsKICAgIHBhZGRpbmc6IDAgNTBweCAwIDUwcHg7Cn0KCiNjbXNtYXN0ZXJzX2NvbHVtbl9lZm1xeTVkNDBpIC5jbXNtYXN0ZXJzX21haWxwb2V0X3BhZGRpbmdzIHsKcGFkZGluZzogMCAyNXB4IDAgMjVweDsKfQp9CgpAbWVkaWEgb25seSBzY3JlZW4gYW5kIChtYXgtd2lkdGg6IDUwMHB4KSB7CiNjbXNtYXN0ZXJzX2NvbHVtbl92Nm9wbmdnc2dqIHsKYmFja2dyb3VuZC1wb3NpdGlvbjogcmlnaHQgY2VudGVyICFpbXBvcnRhbnQ7CmJhY2tncm91bmQtc2l6ZTogaW5oZXJpdCAhaW1wb3J0YW50Owp9CiNjbXNtYXN0ZXJzX2NvbHVtbl92Nm9wbmdnc2dqIC5jbXNtYXN0ZXJzX2NvbHVtbl9pbm5lciB7CiAgICBwYWRkaW5nOiAzNXB4IDI1cHggMjVweCAyNXB4Owp9CiNjbXNtYXN0ZXJzX2NvbHVtbl9lZm1xeTVkNDBpIHsKYmFja2dyb3VuZC1wb3NpdGlvbjogcmlnaHQgY2VudGVyICFpbXBvcnRhbnQ7CmJhY2tncm91bmQtc2l6ZTogaW5oZXJpdCAhaW1wb3J0YW50Owp9Ci5jbXNtYXN0ZXJzX25ld3NsZXR0ZXJfcGFkZGluZ3MgewogICAgcGFkZGluZzogMCAyNXB4IDAgMjVweDsKfQouY21zbWFzdGVyc19tYWlscG9ldF9wYWRkaW5ncyB7CiAgICBwYWRkaW5nOiA1cHggMjVweCAwIDI1cHg7Cn0KfQ==[\/cmsmasters_css][\/cmsmasters_column][\/cmsmasters_row]","protected":false},"excerpt":{"rendered":"[cmsmasters_row][cmsmasters_column data_width=\u00bb1\/1&#8243;][cmsmasters_text] &nbsp; [\/cmsmasters_text][\/cmsmasters_column][\/cmsmasters_row][cmsmasters_row data_padding_bottom=\u00bb0&#8243; data_padding_top=\u00bb0&#8243; data_color=\u00bbdefault\u00bb data_bot_style=\u00bbdefault\u00bb data_top_style=\u00bbdefault\u00bb data_padding_right=\u00bb0&#8243; data_padding_left=\u00bb0&#8243; data_width=\u00bbfullwidth\u00bb data_shortcode_id=\u00bbpsislzkghm\u00bb][cmsmasters_column data_width=\u00bb1\/1&#8243;] [cmsmasters_slider shortcode_id=\u00bbf0jn0mqbm9&#8243; slider_plugin=\u00bbrev\u00bb slider_rev=\u00bbhome_slider\u00bb] [\/cmsmasters_column][\/cmsmasters_row][cmsmasters_row][cmsmasters_column data_width=\u00bb1\/1&#8243;][cmsmasters_text] &nbsp; [\/cmsmasters_text][\/cmsmasters_column][\/cmsmasters_row][cmsmasters_row data_shortcode_id=\u00bbkpfgme1ff9&#8243; data_padding_bottom_mobile_v=\u00bb0&#8243; data_padding_top_mobile_v=\u00bb0&#8243; data_padding_bottom_mobile_h=\u00bb0&#8243; data_padding_top_mobile_h=\u00bb0&#8243; data_padding_bottom_tablet=\u00bb0&#8243; data_padding_top_tablet=\u00bb0&#8243; data_padding_bottom_laptop=\u00bb0&#8243; data_padding_top_laptop=\u00bb0&#8243; data_padding_bottom_large=\u00bb0&#8243; data_padding_top_large=\u00bb0&#8243; data_padding_bottom=\u00bb50&#8243; data_padding_top=\u00bb0&#8243; data_bg_parallax_ratio=\u00bb0.5&#8243; data_bg_size=\u00bbcover\u00bb data_bg_attachment=\u00bbscroll\u00bb data_bg_repeat=\u00bbno-repeat\u00bb data_bg_position=\u00bbtop center\u00bb data_color=\u00bbdefault\u00bb data_bot_style=\u00bbdefault\u00bb data_top_style=\u00bbdefault\u00bb data_padding_right=\u00bb3&#8243; data_padding_left=\u00bb3&#8243; data_width=\u00bbboxed\u00bb][cmsmasters_column data_width=\u00bb1\/1&#8243; data_shortcode_id=\u00bb80vxg9tchj\u00bb data_animation_delay=\u00bb0&#8243; data_border_style=\u00bbdefault\u00bb data_bg_size=\u00bbcover\u00bb data_bg_attachment=\u00bbscroll\u00bb data_bg_repeat=\u00bbno-repeat\u00bb data_bg_position=\u00bbtop [&#8230;]","protected":false},"author":1,"featured_media":0,"parent":0,"menu_order":0,"comment_status":"closed","ping_status":"closed","template":"","meta":{"footnotes":""},"class_list":["post-15002","page","type-page","status-publish","hentry"],"_links":{"self":[{"href":"https:\/\/djccomercial.com\/en\/wp-json\/wp\/v2\/pages\/15002","targetHints":{"allow":["GET"]}}],"collection":[{"href":"https:\/\/djccomercial.com\/en\/wp-json\/wp\/v2\/pages"}],"about":[{"href":"https:\/\/djccomercial.com\/en\/wp-json\/wp\/v2\/types\/page"}],"author":[{"embeddable":true,"href":"https:\/\/djccomercial.com\/en\/wp-json\/wp\/v2\/users\/1"}],"replies":[{"embeddable":true,"href":"https:\/\/djccomercial.com\/en\/wp-json\/wp\/v2\/comments?post=15002"}],"version-history":[{"count":0,"href":"https:\/\/djccomercial.com\/en\/wp-json\/wp\/v2\/pages\/15002\/revisions"}],"wp:attachment":[{"href":"https:\/\/djccomercial.com\/en\/wp-json\/wp\/v2\/media?parent=15002"}],"curies":[{"name":"wp","href":"https:\/\/api.w.org\/{rel}","templated":true}]}}